{"id":404625,"date":"2025-12-03T17:00:31","date_gmt":"2025-12-03T14:00:31","guid":{"rendered":"https:\/\/boriskarpov.ru\/fr\/?page_id=404625"},"modified":"2025-12-03T23:23:35","modified_gmt":"2025-12-03T20:23:35","slug":"collecte-normandie-niemen","status":"publish","type":"page","link":"https:\/\/boriskarpov.ru\/fr\/collecte-normandie-niemen\/","title":{"rendered":"Collecte Normandie-Ni\u00e9men"},"content":{"rendered":"<p><img decoding=\"async\" class=\"aligncenter size-full wp-image-404626\" src=\"https:\/\/boriskarpov.ru\/fr\/wp-content\/uploads\/2025\/12\/BorisKarpov-Normandie.jpg\" alt=\"\" width=\"1000\" height=\"300\" srcset=\"https:\/\/boriskarpov.ru\/fr\/wp-content\/uploads\/2025\/12\/BorisKarpov-Normandie.jpg 1000w, https:\/\/boriskarpov.ru\/fr\/wp-content\/uploads\/2025\/12\/BorisKarpov-Normandie-300x90.jpg 300w, https:\/\/boriskarpov.ru\/fr\/wp-content\/uploads\/2025\/12\/BorisKarpov-Normandie-768x230.jpg 768w\" sizes=\"(max-width: 1000px) 100vw, 1000px\" \/><\/p>\n<p>\ud83e\udd2c Il y a des fran\u00e7ais qui d\u00e9fendent les \u00ab\u00a0valeurs occidentales\u00a0\u00bb&#8230; et l&rsquo;Ukraine.<\/p>\n<p>\ud83d\ude33 Il y a des fran\u00e7ais qui disent d\u00e9fendre la Russie&#8230; dans les restaurants et les clubs moscovites.<\/p>\n<p>\ud83d\udd25 Et il y a des Fran\u00e7ais qui se battent au front pour d\u00e9fendre la Russie !<\/p>\n<p><strong>\u2b50\ufe0f Les gars de l&rsquo;unit\u00e9 \u00ab\u00a0Normandie Niemen\u00a0\u00bb sont de ceux-l\u00e0! Des Fran\u00e7ais qui ont quitt\u00e9 la France pour se battre au sein des forces Russes. Leur boulot? Les drones, qui ont v\u00e9ritablement chang\u00e9 la guerre!<\/strong><\/p>\n<p>Notre \u00e9quipe a d\u00e9cid\u00e9 de les soutenir financi\u00e8rement et depuis novembre nous leur envoyons chaque mois 30000 roubles. Les besoins mat\u00e9riels sont \u00e9normes et nous faisons maintenant appel \u00e0 VOUS, Fran\u00e7ais qui soutenez la Russie, pour les aider \u00e9galement. Franchement, ces gars m\u00e9ritent! Ils ont tout quitt\u00e9 en France, sans billet de retour!<\/p>\n<p>Les fonds r\u00e9colt\u00e9s s&rsquo;ajouteront au prochain envoi de 30000 roubles. Comme d&rsquo;habitude, \u00e9toiles t\u00e9l\u00e9gram mais aussi et surtout Bitcoin et TON! Ceux d&rsquo;entre vous qui sont en Russie peuvent \u00e9galement nous envoyer des fonds directement sur notre carte bancaire russe, contactez-nous!<\/p>\n<p>Vous \u00eates 17000 abonn\u00e9s. Si seulement UN SUR DIX donne DIX euros, nous pourrons leur transmettre 17000 euros!<\/p>\n<p><strong>\ud83d\ude4f Vous qui soutenez la Russie, ne pouvez-vous pas donner AU MOINS DIX euros pour les fran\u00e7ais qui se battent, armes \u00e0 la main, pour la Russie?<\/strong><\/p>\n<p><span style=\"text-decoration: underline;\">D\u00e9tails pratiques<\/span><br \/>\n\u00c9toiles t\u00e9l\u00e9gram: sur nos articles @BorisKarpovRussie<br \/>\nBitcoin: bc1qaan6t5f2ueek8aymk6agkekaw8tfautxuuz84f<br \/>\nTON: UQC1T2wR9FaMRF43BMJGrFicCeJY0HiXee8V6z9AcFJxeIaF<br \/>\nCarte: Contactez-nous @<a href=\"https:\/\/t.me\/BorisKarpovContact_bot\" target=\"_blank\" rel=\"noopener\">BorisKarpovContact_bot<\/a><\/p>\n<p><strong>\u2764\ufe0f Nous comptons sur vous! Merci d&rsquo;avance!<\/strong><\/p>\n<p><em><span style=\"text-decoration: underline;\">L&rsquo;\u00e9quipe de Boris Karpov<\/span><\/em><br \/>\n<em>Telegram:\u00a0<a href=\"https:\/\/t.me\/BorisKarpovRussie\" target=\"_blank\" rel=\"noopener\">@BorisKarpovRussie<\/a>\u00a0 \u00a0<a href=\"https:\/\/t.me\/BorisKarpovMusique\" target=\"_blank\" rel=\"noopener\">@BorisKarpovMusique<\/a><br \/>\n<\/em><em>VK1:\u00a0<a href=\"https:\/\/vk.com\/BorisKarpovRussie\" target=\"_blank\" rel=\"noopener\">https:\/\/vk.com\/BorisKarpovRussie<\/a><br \/>\nVK2:\u00a0<a href=\"https:\/\/vk.com\/BorisKarpovBlog\" target=\"_blank\" rel=\"noopener\">https:\/\/vk.com\/BorisKarpovBlog<\/a><\/em><\/p>\n","protected":false},"excerpt":{"rendered":"<div class=\"mh-excerpt\">\ud83e\udd2c Il y a des fran\u00e7ais qui d\u00e9fendent les \u00ab\u00a0valeurs occidentales\u00a0\u00bb&#8230; et l&rsquo;Ukraine. \ud83d\ude33 Il y a des fran\u00e7ais qui disent d\u00e9fendre la Russie&#8230; dans <a class=\"mh-excerpt-more\" href=\"https:\/\/boriskarpov.ru\/fr\/collecte-normandie-niemen\/\" title=\"Collecte Normandie-Ni\u00e9men\">[SUITE]<\/a><\/div>\n","protected":false},"author":1,"featured_media":404626,"parent":0,"menu_order":0,"comment_status":"closed","ping_status":"closed","template":"","meta":{"iawp_total_views":353,"footnotes":""},"class_list":["post-404625","page","type-page","status-publish","has-post-thumbnail"],"a3_pvc":{"activated":false,"total_views":22,"today_views":0},"_links":{"self":[{"href":"https:\/\/boriskarpov.ru\/fr\/wp-json\/wp\/v2\/pages\/404625","targetHints":{"allow":["GET"]}}],"collection":[{"href":"https:\/\/boriskarpov.ru\/fr\/wp-json\/wp\/v2\/pages"}],"about":[{"href":"https:\/\/boriskarpov.ru\/fr\/wp-json\/wp\/v2\/types\/page"}],"author":[{"embeddable":true,"href":"https:\/\/boriskarpov.ru\/fr\/wp-json\/wp\/v2\/users\/1"}],"replies":[{"embeddable":true,"href":"https:\/\/boriskarpov.ru\/fr\/wp-json\/wp\/v2\/comments?post=404625"}],"version-history":[{"count":0,"href":"https:\/\/boriskarpov.ru\/fr\/wp-json\/wp\/v2\/pages\/404625\/revisions"}],"wp:featuredmedia":[{"embeddable":true,"href":"https:\/\/boriskarpov.ru\/fr\/wp-json\/wp\/v2\/media\/404626"}],"wp:attachment":[{"href":"https:\/\/boriskarpov.ru\/fr\/wp-json\/wp\/v2\/media?parent=404625"}],"curies":[{"name":"wp","href":"https:\/\/api.w.org\/{rel}","templated":true}]}}