{"id":404505,"date":"2025-03-19T13:00:42","date_gmt":"2025-03-19T10:00:42","guid":{"rendered":"https:\/\/boriskarpov.ru\/fr\/?page_id=404505"},"modified":"2026-03-02T18:08:57","modified_gmt":"2026-03-02T15:08:57","slug":"soutien","status":"publish","type":"page","link":"https:\/\/boriskarpov.ru\/fr\/soutien\/","title":{"rendered":"Soutenez nos combattants et nos civils r\u00e9fugi\u00e9s"},"content":{"rendered":"<p>Nous travaillons avec une association de <strong>soutien aux civils de Koursk<\/strong> et avec la <strong>Fondation \u00ab\u00a02 Majors\u00a0\u00bb<\/strong> pour le soutien aux combattants du front. Depuis septembre 2025 nous aidons \u00e9galement un <strong>groupe humanitaire du Donbass<\/strong> (Donetsk) et depuis novembre 2025 soutenons l&rsquo;<strong>unit\u00e9 de dronistes fran\u00e7ais Normandie-Niemen<\/strong>.<br \/>\nNous acceptons les envois de Bitcoin, Ton, et d&rsquo;\u00e9toiles t\u00e9l\u00e9gram. Les donations sont ensuites indiqu\u00e9es sur notre chaine T\u00e9l\u00e9gram. Contactez-nous si vous souhaitez recevoir des justificatifs (documents bancaires) de nos envois (qui sont toujours publi\u00e9s sur t\u00e9l\u00e9gram).<\/p>\n<blockquote><p><span style=\"text-decoration: underline;\"><strong>Total au 02-03-2026<\/strong><\/span><\/p>\n<p><strong>Front 655.000 roubles (Environ 7400 euros)<br \/>\n<\/strong><a href=\"https:\/\/t.me\/front_narod\/4725\" target=\"_blank\" rel=\"noopener\">https:\/\/t.me\/front_narod\/4725<\/a><br \/>\n<a href=\"https:\/\/t.me\/front_narod\/4687\" target=\"_blank\" rel=\"noopener\">https:\/\/t.me\/front_narod\/4687<\/a><br \/>\n<a href=\"https:\/\/t.me\/boriskarpovrussie\/171865\" target=\"_blank\" rel=\"noopener\">https:\/\/t.me\/boriskarpovrussie\/171865<\/a> (vid\u00e9o Normandie Niemen)<\/p>\n<div style=\"width: 1280px;\" class=\"wp-video\"><video class=\"wp-video-shortcode\" id=\"video-404505-1\" width=\"1280\" height=\"720\" preload=\"metadata\" controls=\"controls\"><source type=\"video\/mp4\" src=\"https:\/\/boriskarpov.ru\/fr\/wp-content\/uploads\/2026\/01\/Karpov-NormandieNiemen.mp4?_=1\" \/><a href=\"https:\/\/boriskarpov.ru\/fr\/wp-content\/uploads\/2026\/01\/Karpov-NormandieNiemen.mp4\">https:\/\/boriskarpov.ru\/fr\/wp-content\/uploads\/2026\/01\/Karpov-NormandieNiemen.mp4<\/a><\/video><\/div>\n<p><strong>R\u00e9fugi\u00e9s 305.000 roubles (Environ 3200 euros)<br \/>\n<\/strong><a href=\"https:\/\/t.me\/olischewskaja\/8806\" target=\"_blank\" rel=\"noopener\">https:\/\/t.me\/olischewskaja\/8806<\/a><br \/>\n<a href=\"https:\/\/t.me\/olischewskaja\/8845\" target=\"_blank\" rel=\"noopener\">https:\/\/t.me\/olischewskaja\/8845<\/a><br \/>\n<a href=\"https:\/\/t.me\/Domik_Dobryh_Del\/1197\" target=\"_blank\" rel=\"noopener\">https:\/\/t.me\/Domik_Dobryh_Del\/1197<\/a><strong><br \/>\n<\/strong><\/p>\n<p><strong><span style=\"text-decoration: underline;\">D\u00e9tails<\/span><\/strong><\/p>\n<p>02-03-2026: Soutien Donbass 30000<br \/>\n02-03-2026: Soutien Donbass 30000 (\u00e9quipe BK)<br \/>\n<a href=\"https:\/\/t.me\/boriskarpovrussie\/175028\">https:\/\/t.me\/boriskarpovrussie\/175028<\/a><br \/>\n02-03-2026: Front: Normandie Niemen (\u00e9quipe BK) 30000<br \/>\n<a href=\"https:\/\/t.me\/boriskarpovrussie\/175029\">https:\/\/t.me\/boriskarpovrussie\/175029<\/a><\/p>\n<p>03-01-2026: Front: Normandie Niemen 100000<br \/>\n<a href=\"https:\/\/t.me\/boriskarpovrussie\/171809\" target=\"_blank\" rel=\"noopener\">https:\/\/t.me\/boriskarpovrussie\/171809<\/a><br \/>\n<a href=\"https:\/\/t.me\/boriskarpovrussie\/171865\" target=\"_blank\" rel=\"noopener\">https:\/\/t.me\/boriskarpovrussie\/171865<\/a> (vid\u00e9o)<\/p>\n<p>03-01-2026: Front: Normandie Niemen (\u00e9quipe BK) 30000<br \/>\n02-12-2025: Front: Normandie Niemen (\u00e9quipe BK) 30000<br \/>\n02-11-2025: Front: Normandie Niemen (\u00e9quipe BK) 30000<br \/>\n<a href=\"https:\/\/t.me\/boriskarpovrussie\/171739\" target=\"_blank\" rel=\"noopener\">https:\/\/t.me\/boriskarpovrussie\/171739<\/a><\/p>\n<p>26-10-2025: Soutien Donbass 50000<br \/>\n<a href=\"https:\/\/t.me\/boriskarpovrussie\/166937\" target=\"_blank\" rel=\"noopener\">https:\/\/t.me\/boriskarpovrussie\/166937<\/a><\/p><\/blockquote>\n<blockquote><p>26-09-2025: Soutien Donbass 25000<br \/>\n<a href=\"https:\/\/t.me\/boriskarpovrussie\/165121\" target=\"_blank\" rel=\"noopener\">https:\/\/t.me\/boriskarpovrussie\/165121<\/a><\/p>\n<p>21-09-2025: Soutien Donbass 25000<br \/>\n<a href=\"https:\/\/t.me\/boriskarpovrussie\/164774\" target=\"_blank\" rel=\"noopener\">https:\/\/t.me\/boriskarpovrussie\/164774<\/a><\/p>\n<p>10-07-2025: Front 30000<br \/>\n<a href=\"https:\/\/t.me\/boriskarpovrussie\/159301\" target=\"_blank\" rel=\"noopener\">https:\/\/t.me\/boriskarpovrussie\/159301<\/a><\/p>\n<p>11-06-2025: Front 65000<br \/>\n<a href=\"https:\/\/t.me\/boriskarpovrussie\/157245\" target=\"_blank\" rel=\"noopener\">https:\/\/t.me\/boriskarpovrussie\/157245<\/a><\/p>\n<p>11-06-2025: R\u00e9fugi\u00e9s 35000<br \/>\n<a href=\"https:\/\/t.me\/boriskarpovrussie\/157244\" target=\"_blank\" rel=\"noopener\">https:\/\/t.me\/boriskarpovrussie\/157244<\/a><\/p>\n<p>05-05-2025: Front 100000<br \/>\n<a href=\"https:\/\/t.me\/boriskarpovrussie\/155210\">https:\/\/t.me\/boriskarpovrussie\/155210<\/a><\/p>\n<p>07-04-2025: Front 40000 &#8211; R\u00e9fugi\u00e9s 30000<br \/>\n<a href=\"https:\/\/t.me\/boriskarpovrussie\/153535\">https:\/\/t.me\/boriskarpovrussie\/153535<\/a><\/p>\n<p>25-02-2025: Front 10000 &#8211; R\u00e9fugi\u00e9s 10000<br \/>\n<a href=\"https:\/\/t.me\/boriskarpovrussie\/150627\">https:\/\/t.me\/boriskarpovrussie\/150627<\/a><\/p>\n<p>22-01-2025: Front 100000 &#8211; R\u00e9fugi\u00e9s 50000<br \/>\n<a href=\"https:\/\/t.me\/boriskarpovrussie\/148564\">https:\/\/t.me\/boriskarpovrussie\/148564<\/a><\/p>\n<p>25-11-2024: Front 50000<br \/>\n<a href=\"https:\/\/t.me\/boriskarpovrussie\/144242\">https:\/\/t.me\/boriskarpovrussie\/144242<\/a><\/p>\n<p>13-10-2024: Front 15000<br \/>\n<a href=\"https:\/\/t.me\/boriskarpovrussie\/140996\">https:\/\/t.me\/boriskarpovrussie\/140996<\/a><\/p>\n<p>12-10-2024: Front 20000 &#8211; R\u00e9fugi\u00e9s 10000<br \/>\n<a href=\"https:\/\/t.me\/boriskarpovrussie\/140933\">https:\/\/t.me\/boriskarpovrussie\/140933<\/a><br \/>\n<a href=\"https:\/\/t.me\/boriskarpovrussie\/140934\">https:\/\/t.me\/boriskarpovrussie\/140934<\/a><\/p>\n<p>03-11-2024: Front 5000<br \/>\n<a href=\"https:\/\/t.me\/boriskarpovrussie\/142621\">https:\/\/t.me\/boriskarpovrussie\/142621<\/a><\/p>\n<p>16-08-2024: R\u00e9fugi\u00e9s 10000<br \/>\nDocument sur demande, pas de post sur telegram<\/p><\/blockquote>\n<p><span style=\"color: #ff0000;\"><strong>Votre soutien financier est d&rsquo;autant plus appreci\u00e9 que vous \u00eates citoyens de pays \u00ab\u00a0hostiles\u00a0\u00bb et par les imp\u00f4ts et taxes que vous payez chez vous, financez les armes que vos gouvernements envoient \u00e0 Kiev. Faire un don pour nos combattants sera une forme de montrer votre opposition \u00e0 vos gouvernements.<\/strong><\/span><\/p>\n<p>Merci d&rsquo;avance \u00e0 tous!<\/p>\n<p><strong><span style=\"text-decoration: underline;\">1- BITCOIN<\/span><\/strong><\/p>\n<p>La proc\u00e9dure d&rsquo;envoi de Bitcoin est bien connue, notre compte est:<\/p>\n<p>Bitcoin: bc1qaan6t5f2ueek8aymk6agkekaw8tfautxuuz84f<\/p>\n<p>En cas de besoin, contactez-nous: <a href=\"https:\/\/t.me\/BorisKarpovContact_bot\" target=\"_blank\" rel=\"noopener\">@BorisKarpovContact_bot<\/a><\/p>\n<p><strong><span style=\"text-decoration: underline;\">2- TON<\/span><\/strong><\/p>\n<p>TON est une monnaie crypto que l&rsquo;on peut \u00e9changer sans probl\u00e8me contre des monnaies. Pour g\u00e9rer son portefeuille TON vous devez avoir une application ext\u00e9rieure, nous utilisons TonKeeper. Il existe pour iOS et Android, et est \u00e9galement disponible en plugin pour votre navigateur.<br \/>\n<a href=\"https:\/\/tonkeeper.com\" target=\"_blank\" rel=\"noopener\">https:\/\/tonkeeper.com<\/a><\/p>\n<p>Installez la version qui vous convient et <span style=\"text-decoration: underline;\">cr\u00e9ez votre portefeuille<\/span>.<\/p>\n<blockquote><p>Cliquez sur \u00ab\u00a0Create a new wallet\u00a0\u00bb, indiquez ensuite que ce sera un NOUVEAU portefeuille.<\/p>\n<p>Dans certains syst\u00e8mes le portefeuille sera cr\u00e9\u00e9 imm\u00e9diatement, dans d&rsquo;autres on vous demandera de mettre en lieu s\u00fbr une liste de 24 noms en anglais num\u00e9rot\u00e9s de 1 \u00e0 24. Cette liste DOIT \u00eatre sauvegard\u00e9e car elle permet de recouvrir votre compte en cas de probl\u00e8me. Vous devez garder cette liste confidentielle.<\/p>\n<p>Il peut y avoir des variations selon le syst\u00e8me utilis\u00e9, mais dans tous les cas \u00e0 la fin vous aurez votre \u00ab\u00a0adresse TON\u00a0\u00bb comme par exemple<br \/>\nUQC1T2wR9FaMRF43BMJGrFicCeJY0HiXee8V6z9AcFJxeIaF (c&rsquo;est notre adresse)<\/p><\/blockquote>\n<p><span style=\"text-decoration: underline;\">Pour acheter des TON<\/span> cliquez ensuite sur \u00ab\u00a0BUY\u00a0\u00bb, le syst\u00e8me vous proposera alors une ou plusieurs options en fonction de votre pays. Vous aurez toujours une option d&rsquo;achat par carte bancaire, c&rsquo;est enti\u00e8rement s\u00e8curis\u00e8 et vous recevrez vos TON dans votre portefeuille instantan\u00e9ment. Il est possible que la soci\u00e9t\u00e9 d&rsquo;achat\/vente de TON vous demande une pi\u00e8ce d&rsquo;identit\u00e9, cela d\u00e9pend du montant que vous souhaitez acheter, de votre pays, etc.<\/p>\n<p>Une fois que vous avez des TON vous pouvez nous en <span style=\"text-decoration: underline;\">envoyer<\/span> pour soutenir nos combattants et\/ou nos r\u00e9fugi\u00e9s.<\/p>\n<p>Pour cela cliquez sur \u00ab\u00a0Send\u00a0\u00bb et remplissez les champs du formulaire.<\/p>\n<p>Recipient address: notre adresse TON<br \/>\nUQC1T2wR9FaMRF43BMJGrFicCeJY0HiXee8V6z9AcFJxeIaF<\/p>\n<p>Comment: un commentaire si vous le souhaitez, par exemple \u00ab\u00a0pour le front\u00a0\u00bb ou \u00ab\u00a0pour les r\u00e9fugi\u00e9s\u00a0\u00bb, avec ou sans votre nom sur Telegram, c&rsquo;est \u00e0 vous de d\u00e9cider. Vous pouvez aussi ne rien indiquer. Vos TON nous parviendront instantan\u00e9ment.<\/p>\n<p><strong><span style=\"text-decoration: underline;\">3- Etoiles Telegram<\/span><\/strong><\/p>\n<p>Les \u00e9toiles permettent de montrer votre appr\u00e9ciation d&rsquo;un article tout en nous envoyant des fonds destin\u00e9s \u00e0 soutenir nos combattants et\/ou nos r\u00e9fugi\u00e9s.<\/p>\n<p>(1) Le proc\u00e9d\u00e9 est simple. D&rsquo;abord cliquez (ou appuyez) sur un article auquel vous souhaitez envoyer des \u00e9toiles. Tout comme si vous voulez envoyer une \u00ab\u00a0r\u00e9action\u00a0\u00bb (pouce, coeur etc)<\/p>\n<p>Un popup s&rsquo;ouvrira et la premiere r\u00e9action affich\u00e9e \u00e0 gauche sera une \u00e9toile. Appuyez sur cette \u00e9toile.<\/p>\n<p>On vous demnandera combien d&rsquo;\u00e9toiles vous souhaitez envoyer. Indiquez le puis cliquez sur \u00ab\u00a0Envoyer 50 \u00e9toiles\u00a0\u00bb (par exemple)<\/p>\n<p>Si vous n&rsquo;avez pas d&rsquo;\u00e9toiles dans votre compte, le syst\u00e8me vous proposera d&rsquo;en acheter par carte bancaire, avec diverses options en fonction de votre pays.<\/p>\n<p>Suivez le proc\u00e9d\u00e9 et vous aurez le nombre d&rsquo;\u00e9toiles d\u00e9sir\u00e9 dans votre compte.<\/p>\n<p><strong>A CE STADE LES \u00c9TOILES SONT DANS VOTRE COMPTE, vous ne nous les avez pas encore envoyees sur notre article. Pour ceci vous devez recommencer la proc\u00e9dure indiqu\u00e9e au point (1)<\/strong> mais cette fois le syst\u00e8me ne vous proposera pas d&rsquo;acheter des \u00e9toiles mais les attachera \u00e0 notre article que vous aurez choisi. Vous pouvez recommencer autant de fois que vous le souhaitez sur tout article.<\/p>\n<p>Les \u00e9toiles seront de suite cr\u00e9dit\u00e9es \u00e0 notre compte mais nous ne pourrons les utiliser que 21 jours plus tard, c&rsquo;est un d\u00e9lai impos\u00e9 par telegram.<\/p>\n<p>Si vous avez des questions ou probl\u00e8mes, contactez-nous: <a href=\"https:\/\/t.me\/BorisKarpovContact_bot\" target=\"_blank\" rel=\"noopener\">@BorisKarpovContact_bot<\/a> ou par email <a href=\"mailto:bgkarpov@mail.ru\" target=\"_blank\" rel=\"noopener\">bgkarpov@mail.ru<\/a><\/p>\n<p><strong>Merci de votre soutien!<\/strong><\/p>\n<p>&nbsp;<\/p>\n<p>&nbsp;<\/p>\n","protected":false},"excerpt":{"rendered":"<div class=\"mh-excerpt\">Nous travaillons avec une association de soutien aux civils de Koursk et avec la Fondation \u00ab\u00a02 Majors\u00a0\u00bb pour le soutien aux combattants du front. Depuis <a class=\"mh-excerpt-more\" href=\"https:\/\/boriskarpov.ru\/fr\/soutien\/\" title=\"Soutenez nos combattants et nos civils r\u00e9fugi\u00e9s\">[SUITE]<\/a><\/div>\n","protected":false},"author":1,"featured_media":0,"parent":0,"menu_order":0,"comment_status":"closed","ping_status":"closed","template":"","meta":{"iawp_total_views":968,"footnotes":""},"class_list":["post-404505","page","type-page","status-publish"],"_links":{"self":[{"href":"https:\/\/boriskarpov.ru\/fr\/wp-json\/wp\/v2\/pages\/404505","targetHints":{"allow":["GET"]}}],"collection":[{"href":"https:\/\/boriskarpov.ru\/fr\/wp-json\/wp\/v2\/pages"}],"about":[{"href":"https:\/\/boriskarpov.ru\/fr\/wp-json\/wp\/v2\/types\/page"}],"author":[{"embeddable":true,"href":"https:\/\/boriskarpov.ru\/fr\/wp-json\/wp\/v2\/users\/1"}],"replies":[{"embeddable":true,"href":"https:\/\/boriskarpov.ru\/fr\/wp-json\/wp\/v2\/comments?post=404505"}],"version-history":[{"count":0,"href":"https:\/\/boriskarpov.ru\/fr\/wp-json\/wp\/v2\/pages\/404505\/revisions"}],"wp:attachment":[{"href":"https:\/\/boriskarpov.ru\/fr\/wp-json\/wp\/v2\/media?parent=404505"}],"curies":[{"name":"wp","href":"https:\/\/api.w.org\/{rel}","templated":true}]}}