{"id":404218,"date":"2024-02-16T22:33:30","date_gmt":"2024-02-16T19:33:30","guid":{"rendered":"https:\/\/boriskarpov.ru\/fr\/newsletter\/"},"modified":"2024-06-15T17:41:37","modified_gmt":"2024-06-15T14:41:37","slug":"inscription","status":"publish","type":"page","link":"https:\/\/boriskarpov.ru\/fr\/inscription\/","title":{"rendered":"Inscription"},"content":{"rendered":"<p><strong>Dans le cas o\u00f9 les gouvernements fran\u00e7ais ou autres bloquent ce blog et notre chaine t\u00e9l\u00e9gram, les inscrits seront inform\u00e9s par mail de nos nouvelles adresses.<\/strong><\/p>\n<p><strong>Inscrivez-vous ci-dessous si vous souhaitez \u00eatre inform\u00e9s ! Votre adresse ne sera jamais divulgu\u00e9e ni utilis\u00e9e pour d&rsquo;autres envois.<\/strong><\/p>\n<p><em><strong>Attention ! Certains fournisseurs de service bloquent les emails en provenance de Russie. Vous ne pouvez pas vous inscrire avec ces adresses :<\/strong><\/em><\/p>\n<p><em><strong>@protonmail.com @proton.com @proton.me et autres @proton<\/strong><\/em><br \/>\n<em><strong>@live.fr @live.com @outlook.com @hotmail.com @hotmail.fr<\/strong><\/em><br \/>\n<em><strong>@yahoo.com @yahoo.fr<\/strong><\/em><br \/>\n<em><strong>@gmx.com @gmx.fr et autres @gmx<\/strong><\/em><br \/>\n<em><strong>@tutanota.com<\/strong><\/em><\/p>\n<p><em><strong>Utilisez une adresse dans d&rsquo;autres domaines, nous recommendons yahoo.com (anglais) mail.ru (russe) ou m\u00eame gmail.com qui ne bloque pas de mail pour l&rsquo;instant du moins&#8230;<\/strong><\/em><\/p>\n<div class=\"tnp tnp-subscription \">\n<form method=\"post\" action=\"https:\/\/boriskarpov.ru\/fr\/wp-admin\/admin-ajax.php?action=tnp&amp;na=s\">\n<input type=\"hidden\" name=\"nlang\" value=\"\">\n<div class=\"tnp-field tnp-field-email\"><label for=\"tnp-1\">Indiquez votre adresse mail ci-desous<\/label>\n<input class=\"tnp-email\" type=\"email\" name=\"ne\" id=\"tnp-1\" value=\"\" placeholder=\"\" required><\/div>\n<div class=\"tnp-field tnp-field-button\" style=\"text-align: left\"><input class=\"tnp-submit\" type=\"submit\" value=\"S&#039;abonner\" style=\"\">\n<\/div>\n<\/form>\n<\/div>\n\n","protected":false},"excerpt":{"rendered":"<div class=\"mh-excerpt\">Dans le cas o\u00f9 les gouvernements fran\u00e7ais ou autres bloquent ce blog et notre chaine t\u00e9l\u00e9gram, les inscrits seront inform\u00e9s par mail de nos nouvelles <a class=\"mh-excerpt-more\" href=\"https:\/\/boriskarpov.ru\/fr\/inscription\/\" title=\"Inscription\">[SUITE]<\/a><\/div>\n","protected":false},"author":1,"featured_media":0,"parent":0,"menu_order":0,"comment_status":"closed","ping_status":"closed","template":"","meta":{"iawp_total_views":8658,"footnotes":""},"class_list":["post-404218","page","type-page","status-publish"],"a3_pvc":{"activated":false,"total_views":0,"today_views":0},"_links":{"self":[{"href":"https:\/\/boriskarpov.ru\/fr\/wp-json\/wp\/v2\/pages\/404218","targetHints":{"allow":["GET"]}}],"collection":[{"href":"https:\/\/boriskarpov.ru\/fr\/wp-json\/wp\/v2\/pages"}],"about":[{"href":"https:\/\/boriskarpov.ru\/fr\/wp-json\/wp\/v2\/types\/page"}],"author":[{"embeddable":true,"href":"https:\/\/boriskarpov.ru\/fr\/wp-json\/wp\/v2\/users\/1"}],"replies":[{"embeddable":true,"href":"https:\/\/boriskarpov.ru\/fr\/wp-json\/wp\/v2\/comments?post=404218"}],"version-history":[{"count":0,"href":"https:\/\/boriskarpov.ru\/fr\/wp-json\/wp\/v2\/pages\/404218\/revisions"}],"wp:attachment":[{"href":"https:\/\/boriskarpov.ru\/fr\/wp-json\/wp\/v2\/media?parent=404218"}],"curies":[{"name":"wp","href":"https:\/\/api.w.org\/{rel}","templated":true}]}}