{"id":402921,"date":"2021-08-23T21:27:34","date_gmt":"2021-08-23T19:27:34","guid":{"rendered":"https:\/\/boriskarpov.ru\/fr\/?page_id=402921"},"modified":"2024-02-16T17:18:23","modified_gmt":"2024-02-16T14:18:23","slug":"boris-karpov-sur-telegram","status":"publish","type":"page","link":"https:\/\/boriskarpov.ru\/fr\/boris-karpov-sur-telegram\/","title":{"rendered":"Boris Karpov sur T\u00e9l\u00e9gram"},"content":{"rendered":"<p>Pour \u00eatre tenu inform\u00e9 en temps r\u00e9el de mes nouveaux articles, abonnez-vous \u00e0 mes chaines T\u00e9l\u00e9gram! Disponible pour Android, Mac, Windows, Linux et Apple!<\/p>\n<p>Attention: Les versions disponibles sur PlayMarket et MacStore censurent de nombreux groupes suivant les politiques \u00ab\u00a0politiquement correctes\u00a0\u00bb de Google et Apple.\u00a0T\u00e9l\u00e9chargez donc Telegram <a href=\"https:\/\/telegram.org\/\" target=\"_blank\" rel=\"noopener\">directement depuis le site en cliquant ici<\/a> (toutes versions)!<\/p>\n<p>Le 15 fevrier 2024 les services fran\u00e7ais ont bloqu\u00e9 notre chaine en France, ainsi qu&rsquo;\u00e0 une vingtaine d&rsquo;autres accus\u00e9es de \u00ab\u00a0propagande pro-russe\u00a0\u00bb. Ceci montre parfaitement que notre chaine d\u00e9range le pouvoir francais, caniche des am\u00e9ricains et laquais de Zelenski!<\/p>\n<p>Notre nouvelle chaine Telegram: <span style=\"color: #ff0000;\"><strong><a style=\"color: #ff0000;\" href=\"https:\/\/t.me\/boriskarpovrussie\" target=\"_blank\" rel=\"noopener\">@BorisKarpovRussie<\/a><\/strong><\/span><\/p>\n<p>Articles du site, et articles s\u00e9lectionn\u00e9s sur plusieurs chaines Russes et traduits \u00ab\u00a0manuellement\u00a0\u00bb en fran\u00e7ais. Nombre de messages par jour: Variable selon l&rsquo;actualit\u00e9!<\/p>\n<div><a href=\"https:\/\/t.me\/boriskarpovrussie\" target=\"_blank\" rel=\"noopener\"><em>Cliquez ici pour vous abonner!<\/em><\/a><\/div>\n<p>&nbsp;<\/p>\n","protected":false},"excerpt":{"rendered":"<div class=\"mh-excerpt\">Pour \u00eatre tenu inform\u00e9 en temps r\u00e9el de mes nouveaux articles, abonnez-vous \u00e0 mes chaines T\u00e9l\u00e9gram! Disponible pour Android, Mac, Windows, Linux et Apple! Attention: <a class=\"mh-excerpt-more\" href=\"https:\/\/boriskarpov.ru\/fr\/boris-karpov-sur-telegram\/\" title=\"Boris Karpov sur T\u00e9l\u00e9gram\">[SUITE]<\/a><\/div>\n","protected":false},"author":1,"featured_media":402923,"parent":0,"menu_order":0,"comment_status":"closed","ping_status":"closed","template":"","meta":{"iawp_total_views":9758,"footnotes":""},"class_list":["post-402921","page","type-page","status-publish","has-post-thumbnail"],"a3_pvc":{"activated":false,"total_views":182839,"today_views":0},"_links":{"self":[{"href":"https:\/\/boriskarpov.ru\/fr\/wp-json\/wp\/v2\/pages\/402921","targetHints":{"allow":["GET"]}}],"collection":[{"href":"https:\/\/boriskarpov.ru\/fr\/wp-json\/wp\/v2\/pages"}],"about":[{"href":"https:\/\/boriskarpov.ru\/fr\/wp-json\/wp\/v2\/types\/page"}],"author":[{"embeddable":true,"href":"https:\/\/boriskarpov.ru\/fr\/wp-json\/wp\/v2\/users\/1"}],"replies":[{"embeddable":true,"href":"https:\/\/boriskarpov.ru\/fr\/wp-json\/wp\/v2\/comments?post=402921"}],"version-history":[{"count":0,"href":"https:\/\/boriskarpov.ru\/fr\/wp-json\/wp\/v2\/pages\/402921\/revisions"}],"wp:featuredmedia":[{"embeddable":true,"href":"https:\/\/boriskarpov.ru\/fr\/wp-json\/wp\/v2\/media\/402923"}],"wp:attachment":[{"href":"https:\/\/boriskarpov.ru\/fr\/wp-json\/wp\/v2\/media?parent=402921"}],"curies":[{"name":"wp","href":"https:\/\/api.w.org\/{rel}","templated":true}]}}